{"id":92,"date":"2021-01-06T12:14:14","date_gmt":"2021-01-06T11:14:14","guid":{"rendered":"http:\/\/hundesportverein-dornbirn.at\/wp56\/?page_id=92"},"modified":"2021-04-26T08:56:56","modified_gmt":"2021-04-26T06:56:56","slug":"rally-obedience","status":"publish","type":"page","link":"https:\/\/hundesportverein-dornbirn.at\/wp56\/rally-obedience\/","title":{"rendered":"Rally Obedience"},"content":{"rendered":"\n<p>Bei der Sportart Rally Obedience stehen die perfekte Kommunikation und die partnerschaftliche Zusammenarbeit des Mensch-Hund-Teams im Vordergrund . Es ist in \u00d6sterreich noch eine recht junge Sportart. Sie kommt aus Amerika und wurde dort vor einigen Jahren von Charles &#8222;Bud&#8220; Kramer entwickelt. W\u00e4hrend diese Sportart in Amerika schon eine gro\u00dfe Anh\u00e4ngerschaft erobert hat, ist sie in \u00d6sterreich noch relativ unbekannt.<\/p>\n\n\n\n<p>Und so funktioniert es:<\/p>\n\n\n\n<p>Es wird ein Parcours aus mehreren Stationen gebaut. Die Stationen bestehen aus Schildern, die dem jeweiligen Team angeben, was zu tun ist und in welche Richtung es weitergeht. Der Hundef\u00fchrer nimmt nun seinen Hund bei Fu\u00df und arbeitet den Parcours m\u00f6glichst schnell und pr\u00e4zise ab.<\/p>\n\n\n\n<p>Das Sch\u00f6ne an diesem Sport ist, Hund und Mensch d\u00fcrfen w\u00e4hrend ihrer Arbeitst\u00e4ndig miteinander kommunizieren. Der Hund darf jederzeit angesprochen, motiviert und gelobt werden.<\/p>\n\n\n\n<p>Man findet im Parcours \u00dcbungen wie Sitz, Platz, Steh, aber auch Kombinationen aus diesen Elementen.<br>Es gibt Richtungs\u00e4nderungen um 90\u00b0, 180\u00b0 und 270\u00b0 nach rechts und links, au\u00dferdem 360\u00b0 Kreise.<br>Andere Stationen fordern z.B. auf, einen Slalom um Kegeln zu machen oder den Hund \u00fcber eine H\u00fcrde voraus zu senden oder abzurufen.<br>Es fehlen nat\u00fcrlich auch nicht die so genannten Bleib- oder Abruf\u00fcbungen.<\/p>\n\n\n\n<p>Eine Besonderheit d\u00fcrfte auch die \u00dcbung zur Futterverweigerung sein, bei der das Team an gef\u00fcllten Futtern\u00e4pfen vorbei gehen muss, ohne dass der Hund sich bedient. Bewertet wird nach Punkten und Zeit.<\/p>\n\n\n\n<p>(Quelle: Vorwort zur \u00d6KV-Pr\u00fcfungsordnung)<\/p>\n\n\n\n<div style=\"height:100px\" aria-hidden=\"true\" class=\"wp-block-spacer\"><\/div>\n\n\n\n<div class=\"wp-block-jetpack-tiled-gallery aligncenter is-style-columns\"><div class=\"tiled-gallery__gallery\"><div class=\"tiled-gallery__row\"><div class=\"tiled-gallery__col\" style=\"flex-basis:19.82880%\"><figure class=\"tiled-gallery__item\"><img decoding=\"async\" data-attachment-id=\"308\" data-permalink=\"https:\/\/hundesportverein-dornbirn.at\/wp56\/rally-obedience\/20190602223738-ef8b25cf-me\/\" data-orig-file=\"https:\/\/i0.wp.com\/hundesportverein-dornbirn.at\/wp56\/wp-content\/uploads\/2021\/01\/20190602223738-ef8b25cf-me.jpg?fit=792%2C524&amp;ssl=1\" data-orig-size=\"792,524\" data-comments-opened=\"1\" data-image-meta=\"{&quot;aperture&quot;:&quot;0&quot;,&quot;credit&quot;:&quot;&quot;,&quot;camera&quot;:&quot;&quot;,&quot;caption&quot;:&quot;&quot;,&quot;created_timestamp&quot;:&quot;0&quot;,&quot;copyright&quot;:&quot;&quot;,&quot;focal_length&quot;:&quot;0&quot;,&quot;iso&quot;:&quot;0&quot;,&quot;shutter_speed&quot;:&quot;0&quot;,&quot;title&quot;:&quot;&quot;,&quot;orientation&quot;:&quot;0&quot;}\" data-image-title=\"20190602223738-ef8b25cf-me\" data-image-description=\"\" data-image-caption=\"\" data-large-file=\"https:\/\/i0.wp.com\/hundesportverein-dornbirn.at\/wp56\/wp-content\/uploads\/2021\/01\/20190602223738-ef8b25cf-me.jpg?fit=640%2C423&amp;ssl=1\" data-attachment-id=\"308\" data-permalink=\"https:\/\/hundesportverein-dornbirn.at\/wp56\/rally-obedience\/20190602223738-ef8b25cf-me\/\" data-orig-file=\"https:\/\/i0.wp.com\/hundesportverein-dornbirn.at\/wp56\/wp-content\/uploads\/2021\/01\/20190602223738-ef8b25cf-me.jpg?fit=792%2C524&amp;ssl=1\" data-orig-size=\"792,524\" data-comments-opened=\"1\" data-image-meta=\"{&quot;aperture&quot;:&quot;0&quot;,&quot;credit&quot;:&quot;&quot;,&quot;camera&quot;:&quot;&quot;,&quot;caption&quot;:&quot;&quot;,&quot;created_timestamp&quot;:&quot;0&quot;,&quot;copyright&quot;:&quot;&quot;,&quot;focal_length&quot;:&quot;0&quot;,&quot;iso&quot;:&quot;0&quot;,&quot;shutter_speed&quot;:&quot;0&quot;,&quot;title&quot;:&quot;&quot;,&quot;orientation&quot;:&quot;0&quot;}\" data-image-title=\"20190602223738-ef8b25cf-me\" data-image-description=\"\" data-image-caption=\"\" data-large-file=\"https:\/\/i0.wp.com\/hundesportverein-dornbirn.at\/wp56\/wp-content\/uploads\/2021\/01\/20190602223738-ef8b25cf-me.jpg?fit=640%2C423&amp;ssl=1\" role=\"button\" tabindex=\"0\" aria-label=\"Bild\u00a01 von 4 im Vollbildmodus \u00f6ffnen\"srcset=\"https:\/\/i1.wp.com\/hundesportverein-dornbirn.at\/wp56\/wp-content\/uploads\/2021\/01\/20190602223738-ef8b25cf-me.jpg?strip=info&#038;w=600&#038;ssl=1 600w,https:\/\/i1.wp.com\/hundesportverein-dornbirn.at\/wp56\/wp-content\/uploads\/2021\/01\/20190602223738-ef8b25cf-me.jpg?strip=info&#038;w=792&#038;ssl=1 792w\" alt=\"\" data-height=\"524\" data-id=\"308\" data-link=\"https:\/\/hundesportverein-dornbirn.at\/wp56\/rally-obedience\/20190602223738-ef8b25cf-me\/\" data-url=\"https:\/\/hundesportverein-dornbirn.at\/wp56\/wp-content\/uploads\/2021\/01\/20190602223738-ef8b25cf-me.jpg\" data-width=\"792\" src=\"https:\/\/i1.wp.com\/hundesportverein-dornbirn.at\/wp56\/wp-content\/uploads\/2021\/01\/20190602223738-ef8b25cf-me.jpg?ssl=1\" data-amp-layout=\"responsive\"\/><\/figure><figure class=\"tiled-gallery__item\"><img decoding=\"async\" data-attachment-id=\"309\" data-permalink=\"https:\/\/hundesportverein-dornbirn.at\/wp56\/rally-obedience\/20190602223742-464c33d1-me\/\" data-orig-file=\"https:\/\/i0.wp.com\/hundesportverein-dornbirn.at\/wp56\/wp-content\/uploads\/2021\/01\/20190602223742-464c33d1-me.jpg?fit=792%2C524&amp;ssl=1\" data-orig-size=\"792,524\" data-comments-opened=\"1\" data-image-meta=\"{&quot;aperture&quot;:&quot;0&quot;,&quot;credit&quot;:&quot;&quot;,&quot;camera&quot;:&quot;&quot;,&quot;caption&quot;:&quot;&quot;,&quot;created_timestamp&quot;:&quot;0&quot;,&quot;copyright&quot;:&quot;&quot;,&quot;focal_length&quot;:&quot;0&quot;,&quot;iso&quot;:&quot;0&quot;,&quot;shutter_speed&quot;:&quot;0&quot;,&quot;title&quot;:&quot;&quot;,&quot;orientation&quot;:&quot;0&quot;}\" data-image-title=\"20190602223742-464c33d1-me\" data-image-description=\"\" data-image-caption=\"\" data-large-file=\"https:\/\/i0.wp.com\/hundesportverein-dornbirn.at\/wp56\/wp-content\/uploads\/2021\/01\/20190602223742-464c33d1-me.jpg?fit=640%2C423&amp;ssl=1\" data-attachment-id=\"309\" data-permalink=\"https:\/\/hundesportverein-dornbirn.at\/wp56\/rally-obedience\/20190602223742-464c33d1-me\/\" data-orig-file=\"https:\/\/i0.wp.com\/hundesportverein-dornbirn.at\/wp56\/wp-content\/uploads\/2021\/01\/20190602223742-464c33d1-me.jpg?fit=792%2C524&amp;ssl=1\" data-orig-size=\"792,524\" data-comments-opened=\"1\" data-image-meta=\"{&quot;aperture&quot;:&quot;0&quot;,&quot;credit&quot;:&quot;&quot;,&quot;camera&quot;:&quot;&quot;,&quot;caption&quot;:&quot;&quot;,&quot;created_timestamp&quot;:&quot;0&quot;,&quot;copyright&quot;:&quot;&quot;,&quot;focal_length&quot;:&quot;0&quot;,&quot;iso&quot;:&quot;0&quot;,&quot;shutter_speed&quot;:&quot;0&quot;,&quot;title&quot;:&quot;&quot;,&quot;orientation&quot;:&quot;0&quot;}\" data-image-title=\"20190602223742-464c33d1-me\" data-image-description=\"\" data-image-caption=\"\" data-large-file=\"https:\/\/i0.wp.com\/hundesportverein-dornbirn.at\/wp56\/wp-content\/uploads\/2021\/01\/20190602223742-464c33d1-me.jpg?fit=640%2C423&amp;ssl=1\" role=\"button\" tabindex=\"0\" aria-label=\"Bild\u00a02 von 4 im Vollbildmodus \u00f6ffnen\"srcset=\"https:\/\/i0.wp.com\/hundesportverein-dornbirn.at\/wp56\/wp-content\/uploads\/2021\/01\/20190602223742-464c33d1-me.jpg?strip=info&#038;w=600&#038;ssl=1 600w,https:\/\/i0.wp.com\/hundesportverein-dornbirn.at\/wp56\/wp-content\/uploads\/2021\/01\/20190602223742-464c33d1-me.jpg?strip=info&#038;w=792&#038;ssl=1 792w\" alt=\"\" data-height=\"524\" data-id=\"309\" data-link=\"https:\/\/hundesportverein-dornbirn.at\/wp56\/rally-obedience\/20190602223742-464c33d1-me\/\" data-url=\"https:\/\/hundesportverein-dornbirn.at\/wp56\/wp-content\/uploads\/2021\/01\/20190602223742-464c33d1-me.jpg\" data-width=\"792\" src=\"https:\/\/i0.wp.com\/hundesportverein-dornbirn.at\/wp56\/wp-content\/uploads\/2021\/01\/20190602223742-464c33d1-me.jpg?ssl=1\" data-amp-layout=\"responsive\"\/><\/figure><\/div><div class=\"tiled-gallery__col\" style=\"flex-basis:40.08560%\"><figure class=\"tiled-gallery__item\"><img decoding=\"async\" data-attachment-id=\"310\" data-permalink=\"https:\/\/hundesportverein-dornbirn.at\/wp56\/rally-obedience\/20190716230940-a14a19bc-me\/\" data-orig-file=\"https:\/\/i0.wp.com\/hundesportverein-dornbirn.at\/wp56\/wp-content\/uploads\/2021\/01\/20190716230940-a14a19bc-me.jpg?fit=792%2C524&amp;ssl=1\" data-orig-size=\"792,524\" data-comments-opened=\"1\" data-image-meta=\"{&quot;aperture&quot;:&quot;0&quot;,&quot;credit&quot;:&quot;&quot;,&quot;camera&quot;:&quot;&quot;,&quot;caption&quot;:&quot;&quot;,&quot;created_timestamp&quot;:&quot;0&quot;,&quot;copyright&quot;:&quot;&quot;,&quot;focal_length&quot;:&quot;0&quot;,&quot;iso&quot;:&quot;0&quot;,&quot;shutter_speed&quot;:&quot;0&quot;,&quot;title&quot;:&quot;&quot;,&quot;orientation&quot;:&quot;0&quot;}\" data-image-title=\"20190716230940-a14a19bc-me\" data-image-description=\"\" data-image-caption=\"\" data-large-file=\"https:\/\/i0.wp.com\/hundesportverein-dornbirn.at\/wp56\/wp-content\/uploads\/2021\/01\/20190716230940-a14a19bc-me.jpg?fit=640%2C423&amp;ssl=1\" data-attachment-id=\"310\" data-permalink=\"https:\/\/hundesportverein-dornbirn.at\/wp56\/rally-obedience\/20190716230940-a14a19bc-me\/\" data-orig-file=\"https:\/\/i0.wp.com\/hundesportverein-dornbirn.at\/wp56\/wp-content\/uploads\/2021\/01\/20190716230940-a14a19bc-me.jpg?fit=792%2C524&amp;ssl=1\" data-orig-size=\"792,524\" data-comments-opened=\"1\" data-image-meta=\"{&quot;aperture&quot;:&quot;0&quot;,&quot;credit&quot;:&quot;&quot;,&quot;camera&quot;:&quot;&quot;,&quot;caption&quot;:&quot;&quot;,&quot;created_timestamp&quot;:&quot;0&quot;,&quot;copyright&quot;:&quot;&quot;,&quot;focal_length&quot;:&quot;0&quot;,&quot;iso&quot;:&quot;0&quot;,&quot;shutter_speed&quot;:&quot;0&quot;,&quot;title&quot;:&quot;&quot;,&quot;orientation&quot;:&quot;0&quot;}\" data-image-title=\"20190716230940-a14a19bc-me\" data-image-description=\"\" data-image-caption=\"\" data-large-file=\"https:\/\/i0.wp.com\/hundesportverein-dornbirn.at\/wp56\/wp-content\/uploads\/2021\/01\/20190716230940-a14a19bc-me.jpg?fit=640%2C423&amp;ssl=1\" role=\"button\" tabindex=\"0\" aria-label=\"Bild\u00a03 von 4 im Vollbildmodus \u00f6ffnen\"srcset=\"https:\/\/i0.wp.com\/hundesportverein-dornbirn.at\/wp56\/wp-content\/uploads\/2021\/01\/20190716230940-a14a19bc-me.jpg?strip=info&#038;w=600&#038;ssl=1 600w,https:\/\/i0.wp.com\/hundesportverein-dornbirn.at\/wp56\/wp-content\/uploads\/2021\/01\/20190716230940-a14a19bc-me.jpg?strip=info&#038;w=792&#038;ssl=1 792w\" alt=\"\" data-height=\"524\" data-id=\"310\" data-link=\"https:\/\/hundesportverein-dornbirn.at\/wp56\/rally-obedience\/20190716230940-a14a19bc-me\/\" data-url=\"https:\/\/hundesportverein-dornbirn.at\/wp56\/wp-content\/uploads\/2021\/01\/20190716230940-a14a19bc-me.jpg\" data-width=\"792\" src=\"https:\/\/i0.wp.com\/hundesportverein-dornbirn.at\/wp56\/wp-content\/uploads\/2021\/01\/20190716230940-a14a19bc-me.jpg?ssl=1\" data-amp-layout=\"responsive\"\/><\/figure><\/div><div class=\"tiled-gallery__col\" style=\"flex-basis:40.08560%\"><figure class=\"tiled-gallery__item\"><img decoding=\"async\" data-attachment-id=\"327\" data-permalink=\"https:\/\/hundesportverein-dornbirn.at\/wp56\/herzlich-willkommen-beim-hundesportverein-dornbirn\/20190914221305-4ae5c9c5-me-1\/\" data-orig-file=\"https:\/\/i0.wp.com\/hundesportverein-dornbirn.at\/wp56\/wp-content\/uploads\/2021\/01\/20190914221305-4ae5c9c5-me-1.jpg?fit=792%2C524&amp;ssl=1\" data-orig-size=\"792,524\" data-comments-opened=\"1\" data-image-meta=\"{&quot;aperture&quot;:&quot;0&quot;,&quot;credit&quot;:&quot;&quot;,&quot;camera&quot;:&quot;&quot;,&quot;caption&quot;:&quot;&quot;,&quot;created_timestamp&quot;:&quot;0&quot;,&quot;copyright&quot;:&quot;&quot;,&quot;focal_length&quot;:&quot;0&quot;,&quot;iso&quot;:&quot;0&quot;,&quot;shutter_speed&quot;:&quot;0&quot;,&quot;title&quot;:&quot;&quot;,&quot;orientation&quot;:&quot;0&quot;}\" data-image-title=\"20190914221305-4ae5c9c5-me-1\" data-image-description=\"\" data-image-caption=\"\" data-large-file=\"https:\/\/i0.wp.com\/hundesportverein-dornbirn.at\/wp56\/wp-content\/uploads\/2021\/01\/20190914221305-4ae5c9c5-me-1.jpg?fit=640%2C423&amp;ssl=1\" data-attachment-id=\"327\" data-permalink=\"https:\/\/hundesportverein-dornbirn.at\/wp56\/herzlich-willkommen-beim-hundesportverein-dornbirn\/20190914221305-4ae5c9c5-me-1\/\" data-orig-file=\"https:\/\/i0.wp.com\/hundesportverein-dornbirn.at\/wp56\/wp-content\/uploads\/2021\/01\/20190914221305-4ae5c9c5-me-1.jpg?fit=792%2C524&amp;ssl=1\" data-orig-size=\"792,524\" data-comments-opened=\"1\" data-image-meta=\"{&quot;aperture&quot;:&quot;0&quot;,&quot;credit&quot;:&quot;&quot;,&quot;camera&quot;:&quot;&quot;,&quot;caption&quot;:&quot;&quot;,&quot;created_timestamp&quot;:&quot;0&quot;,&quot;copyright&quot;:&quot;&quot;,&quot;focal_length&quot;:&quot;0&quot;,&quot;iso&quot;:&quot;0&quot;,&quot;shutter_speed&quot;:&quot;0&quot;,&quot;title&quot;:&quot;&quot;,&quot;orientation&quot;:&quot;0&quot;}\" data-image-title=\"20190914221305-4ae5c9c5-me-1\" data-image-description=\"\" data-image-caption=\"\" data-large-file=\"https:\/\/i0.wp.com\/hundesportverein-dornbirn.at\/wp56\/wp-content\/uploads\/2021\/01\/20190914221305-4ae5c9c5-me-1.jpg?fit=640%2C423&amp;ssl=1\" role=\"button\" tabindex=\"0\" aria-label=\"Bild\u00a04 von 4 im Vollbildmodus \u00f6ffnen\"srcset=\"https:\/\/i1.wp.com\/hundesportverein-dornbirn.at\/wp56\/wp-content\/uploads\/2021\/01\/20190914221305-4ae5c9c5-me-1.jpg?strip=info&#038;w=600&#038;ssl=1 600w,https:\/\/i1.wp.com\/hundesportverein-dornbirn.at\/wp56\/wp-content\/uploads\/2021\/01\/20190914221305-4ae5c9c5-me-1.jpg?strip=info&#038;w=792&#038;ssl=1 792w\" alt=\"\" data-height=\"524\" data-id=\"327\" data-link=\"https:\/\/hundesportverein-dornbirn.at\/wp56\/herzlich-willkommen-beim-hundesportverein-dornbirn\/20190914221305-4ae5c9c5-me-1\/\" data-url=\"https:\/\/hundesportverein-dornbirn.at\/wp56\/wp-content\/uploads\/2021\/01\/20190914221305-4ae5c9c5-me-1.jpg\" data-width=\"792\" src=\"https:\/\/i1.wp.com\/hundesportverein-dornbirn.at\/wp56\/wp-content\/uploads\/2021\/01\/20190914221305-4ae5c9c5-me-1.jpg?ssl=1\" data-amp-layout=\"responsive\"\/><\/figure><\/div><\/div><\/div><\/div>\n","protected":false},"excerpt":{"rendered":"<p>Bei der Sportart Rally Obedience stehen die perfekte Kommunikation und die partnerschaftliche Zusammenarbeit des Mensch-Hund-Teams im Vordergrund . Es ist&#8230;<\/p>\n","protected":false},"author":1,"featured_media":0,"parent":0,"menu_order":0,"comment_status":"closed","ping_status":"closed","template":"","meta":{"cybocfi_hide_featured_image":"","footnotes":""},"class_list":["post-92","page","type-page","status-publish","hentry"],"jetpack_sharing_enabled":true,"_links":{"self":[{"href":"https:\/\/hundesportverein-dornbirn.at\/wp56\/wp-json\/wp\/v2\/pages\/92","targetHints":{"allow":["GET"]}}],"collection":[{"href":"https:\/\/hundesportverein-dornbirn.at\/wp56\/wp-json\/wp\/v2\/pages"}],"about":[{"href":"https:\/\/hundesportverein-dornbirn.at\/wp56\/wp-json\/wp\/v2\/types\/page"}],"author":[{"embeddable":true,"href":"https:\/\/hundesportverein-dornbirn.at\/wp56\/wp-json\/wp\/v2\/users\/1"}],"replies":[{"embeddable":true,"href":"https:\/\/hundesportverein-dornbirn.at\/wp56\/wp-json\/wp\/v2\/comments?post=92"}],"version-history":[{"count":6,"href":"https:\/\/hundesportverein-dornbirn.at\/wp56\/wp-json\/wp\/v2\/pages\/92\/revisions"}],"predecessor-version":[{"id":573,"href":"https:\/\/hundesportverein-dornbirn.at\/wp56\/wp-json\/wp\/v2\/pages\/92\/revisions\/573"}],"wp:attachment":[{"href":"https:\/\/hundesportverein-dornbirn.at\/wp56\/wp-json\/wp\/v2\/media?parent=92"}],"curies":[{"name":"wp","href":"https:\/\/api.w.org\/{rel}","templated":true}]}}